{"id":4816,"date":"2023-02-07T16:01:30","date_gmt":"2023-02-07T15:01:30","guid":{"rendered":"https:\/\/shop.profilhornan.se\/simning\/?post_type=product&#038;p=4816"},"modified":"2026-01-27T09:54:28","modified_gmt":"2026-01-27T08:54:28","slug":"craft-evolve-zip-pocket-shorts-jr","status":"publish","type":"product","link":"https:\/\/shop.profilhornan.se\/simning\/product\/craft-evolve-zip-pocket-shorts-jr\/","title":{"rendered":"Craft Evolve Zip Pocket Shorts Junior"},"content":{"rendered":"<p>EGENSKAPER<\/p>\n<p>\u2022L\u00e4tta, stretchiga och funktionella material<br \/>\n\u2022\u00c5tervunnen polyester f\u00f6r minskat milj\u00f6avtryck<br \/>\n\u2022Elastisk res\u00e5r i midjan med dragsko<\/p>\n<p>SPECIFIKATION<\/p>\n<p>100% Polyester, Recycled<\/p>\n","protected":false},"excerpt":{"rendered":"<p>Evolve Shorts \u00e4r l\u00e4tta tr\u00e4ningsshorts som ger bra fukttransport vid intensiva fysiska aktiviteter. Shortsen \u00e4r gjorda av \u00e5tervunna material f\u00f6r att minska milj\u00f6p\u00e5verkan och har elastisk res\u00e5r i midjan med dragsko f\u00f6r optimal passform.<\/p>\n","protected":false},"featured_media":4909,"template":"","meta":{"site-sidebar-layout":"default","site-content-layout":"default","ast-site-content-layout":"default","site-content-style":"default","site-sidebar-style":"default","ast-global-header-display":"","ast-banner-title-visibility":"","ast-main-header-display":"","ast-hfb-above-header-display":"","ast-hfb-below-header-display":"","ast-hfb-mobile-header-display":"","site-post-title":"","ast-breadcrumbs-content":"","ast-featured-img":"","footer-sml-layout":"","ast-disable-related-posts":"","theme-transparent-header-meta":"default","adv-header-id-meta":"","stick-header-meta":"","header-above-stick-meta":"","header-main-stick-meta":"","header-below-stick-meta":"","astra-migrate-meta-layouts":"set","ast-page-background-enabled":"default","ast-page-background-meta":{"desktop":{"background-color":"","background-image":"","background-repeat":"repeat","background-position":"center center","background-size":"auto","background-attachment":"scroll","background-type":"","background-media":"","overlay-type":"","overlay-color":"","overlay-opacity":"","overlay-gradient":""},"tablet":{"background-color":"","background-image":"","background-repeat":"repeat","background-position":"center center","background-size":"auto","background-attachment":"scroll","background-type":"","background-media":"","overlay-type":"","overlay-color":"","overlay-opacity":"","overlay-gradient":""},"mobile":{"background-color":"","background-image":"","background-repeat":"repeat","background-position":"center center","background-size":"auto","background-attachment":"scroll","background-type":"","background-media":"","overlay-type":"","overlay-color":"","overlay-opacity":"","overlay-gradient":""}},"ast-content-background-meta":{"desktop":{"background-color":"var(--ast-global-color-5)","background-image":"","background-repeat":"repeat","background-position":"center center","background-size":"auto","background-attachment":"scroll","background-type":"","background-media":"","overlay-type":"","overlay-color":"","overlay-opacity":"","overlay-gradient":""},"tablet":{"background-color":"var(--ast-global-color-5)","background-image":"","background-repeat":"repeat","background-position":"center center","background-size":"auto","background-attachment":"scroll","background-type":"","background-media":"","overlay-type":"","overlay-color":"","overlay-opacity":"","overlay-gradient":""},"mobile":{"background-color":"var(--ast-global-color-5)","background-image":"","background-repeat":"repeat","background-position":"center center","background-size":"auto","background-attachment":"scroll","background-type":"","background-media":"","overlay-type":"","overlay-color":"","overlay-opacity":"","overlay-gradient":""}}},"product_brand":[],"product_cat":[223,36],"product_tag":[],"class_list":{"0":"post-4816","1":"product","2":"type-product","3":"status-publish","4":"has-post-thumbnail","6":"product_cat-almhults-simsallskap","7":"product_cat-junior","8":"desktop-align-left","9":"tablet-align-left","10":"mobile-align-left","11":"ast-product-gallery-layout-horizontal-slider","12":"ast-product-gallery-with-no-image","13":"ast-product-single-variable","14":"ast-product-tabs-layout-horizontal","16":"first","17":"instock","18":"taxable","19":"shipping-taxable","20":"purchasable","21":"product-type-variable"},"_links":{"self":[{"href":"https:\/\/shop.profilhornan.se\/simning\/wp-json\/wp\/v2\/product\/4816","targetHints":{"allow":["GET"]}}],"collection":[{"href":"https:\/\/shop.profilhornan.se\/simning\/wp-json\/wp\/v2\/product"}],"about":[{"href":"https:\/\/shop.profilhornan.se\/simning\/wp-json\/wp\/v2\/types\/product"}],"wp:featuredmedia":[{"embeddable":true,"href":"https:\/\/shop.profilhornan.se\/simning\/wp-json\/wp\/v2\/media\/4909"}],"wp:attachment":[{"href":"https:\/\/shop.profilhornan.se\/simning\/wp-json\/wp\/v2\/media?parent=4816"}],"wp:term":[{"taxonomy":"product_brand","embeddable":true,"href":"https:\/\/shop.profilhornan.se\/simning\/wp-json\/wp\/v2\/product_brand?post=4816"},{"taxonomy":"product_cat","embeddable":true,"href":"https:\/\/shop.profilhornan.se\/simning\/wp-json\/wp\/v2\/product_cat?post=4816"},{"taxonomy":"product_tag","embeddable":true,"href":"https:\/\/shop.profilhornan.se\/simning\/wp-json\/wp\/v2\/product_tag?post=4816"}],"curies":[{"name":"wp","href":"https:\/\/api.w.org\/{rel}","templated":true}]}}