{"id":4469,"date":"2022-08-18T10:16:13","date_gmt":"2022-08-18T08:16:13","guid":{"rendered":"http:\/\/dev.profilhornan.se\/emballator\/?post_type=product&#038;p=4469"},"modified":"2022-11-14T08:50:59","modified_gmt":"2022-11-14T07:50:59","slug":"ernst-alexis-cardigan-dam","status":"publish","type":"product","link":"https:\/\/shop.profilhornan.se\/emballator\/product\/ernst-alexis-cardigan-dam\/","title":{"rendered":"Ernst Alexis Cardigan Dam"},"content":{"rendered":"","protected":false},"excerpt":{"rendered":"<p>Cardigan i dammodell fr\u00e5n Ernst Alexis, med tryck p\u00e5 v\u00e4nster br\u00f6st.<\/p>\n<p>100% merinoull. \u00d6ko-Tex 100.<\/p>\n<p><b><a href=\"https:\/\/ernstalexis.se\/product\/cardigan-bomull-dam\/#:~:text=Os%C3%A4ker%20p%C3%A5%20storleken%3F%20Se%20v%C3%A5ra%20m%C3%A5ttlistor\" target=\"_blank\" rel=\"noopener\">Storleksguide<\/a><\/b><\/p>\n","protected":false},"featured_media":4406,"template":"","meta":{"site-sidebar-layout":"default","site-content-layout":"default","ast-site-content-layout":"default","site-content-style":"default","site-sidebar-style":"default","ast-global-header-display":"","ast-banner-title-visibility":"","ast-main-header-display":"","ast-hfb-above-header-display":"","ast-hfb-below-header-display":"","ast-hfb-mobile-header-display":"","site-post-title":"","ast-breadcrumbs-content":"","ast-featured-img":"","footer-sml-layout":"","ast-disable-related-posts":"","theme-transparent-header-meta":"default","adv-header-id-meta":"","stick-header-meta":"","header-above-stick-meta":"","header-main-stick-meta":"","header-below-stick-meta":"","astra-migrate-meta-layouts":"default","ast-page-background-enabled":"default","ast-page-background-meta":{"desktop":{"background-color":"","background-image":"","background-repeat":"repeat","background-position":"center center","background-size":"auto","background-attachment":"scroll","background-type":"","background-media":"","overlay-type":"","overlay-color":"","overlay-opacity":"","overlay-gradient":""},"tablet":{"background-color":"","background-image":"","background-repeat":"repeat","background-position":"center center","background-size":"auto","background-attachment":"scroll","background-type":"","background-media":"","overlay-type":"","overlay-color":"","overlay-opacity":"","overlay-gradient":""},"mobile":{"background-color":"","background-image":"","background-repeat":"repeat","background-position":"center center","background-size":"auto","background-attachment":"scroll","background-type":"","background-media":"","overlay-type":"","overlay-color":"","overlay-opacity":"","overlay-gradient":""}},"ast-content-background-meta":{"desktop":{"background-color":"var(--ast-global-color-5)","background-image":"","background-repeat":"repeat","background-position":"center center","background-size":"auto","background-attachment":"scroll","background-type":"","background-media":"","overlay-type":"","overlay-color":"","overlay-opacity":"","overlay-gradient":""},"tablet":{"background-color":"var(--ast-global-color-5)","background-image":"","background-repeat":"repeat","background-position":"center center","background-size":"auto","background-attachment":"scroll","background-type":"","background-media":"","overlay-type":"","overlay-color":"","overlay-opacity":"","overlay-gradient":""},"mobile":{"background-color":"var(--ast-global-color-5)","background-image":"","background-repeat":"repeat","background-position":"center center","background-size":"auto","background-attachment":"scroll","background-type":"","background-media":"","overlay-type":"","overlay-color":"","overlay-opacity":"","overlay-gradient":""}}},"product_brand":[],"product_cat":[161,22],"product_tag":[],"class_list":{"0":"post-4469","1":"product","2":"type-product","3":"status-publish","4":"has-post-thumbnail","6":"product_cat-dam","7":"product_cat-trojor","8":"desktop-align-left","9":"tablet-align-left","10":"mobile-align-left","11":"ast-product-gallery-layout-horizontal-slider","12":"ast-product-gallery-with-no-image","13":"ast-product-single-variable","14":"ast-product-tabs-layout-horizontal","16":"first","17":"instock","18":"taxable","19":"shipping-taxable","20":"purchasable","21":"product-type-variable"},"_links":{"self":[{"href":"https:\/\/shop.profilhornan.se\/emballator\/wp-json\/wp\/v2\/product\/4469","targetHints":{"allow":["GET"]}}],"collection":[{"href":"https:\/\/shop.profilhornan.se\/emballator\/wp-json\/wp\/v2\/product"}],"about":[{"href":"https:\/\/shop.profilhornan.se\/emballator\/wp-json\/wp\/v2\/types\/product"}],"wp:featuredmedia":[{"embeddable":true,"href":"https:\/\/shop.profilhornan.se\/emballator\/wp-json\/wp\/v2\/media\/4406"}],"wp:attachment":[{"href":"https:\/\/shop.profilhornan.se\/emballator\/wp-json\/wp\/v2\/media?parent=4469"}],"wp:term":[{"taxonomy":"product_brand","embeddable":true,"href":"https:\/\/shop.profilhornan.se\/emballator\/wp-json\/wp\/v2\/product_brand?post=4469"},{"taxonomy":"product_cat","embeddable":true,"href":"https:\/\/shop.profilhornan.se\/emballator\/wp-json\/wp\/v2\/product_cat?post=4469"},{"taxonomy":"product_tag","embeddable":true,"href":"https:\/\/shop.profilhornan.se\/emballator\/wp-json\/wp\/v2\/product_tag?post=4469"}],"curies":[{"name":"wp","href":"https:\/\/api.w.org\/{rel}","templated":true}]}}