{"id":25,"date":"2020-11-16T08:01:56","date_gmt":"2020-11-16T08:01:56","guid":{"rendered":"https:\/\/shop.profilhornan.se\/bpk\/?page_id=25"},"modified":"2025-08-08T13:44:18","modified_gmt":"2025-08-08T11:44:18","slug":"valkommen","status":"publish","type":"page","link":"https:\/\/shop.profilhornan.se\/bpk\/","title":{"rendered":"V\u00e4lkommen"},"content":{"rendered":"\t\t<div data-elementor-type=\"wp-page\" data-elementor-id=\"25\" class=\"elementor elementor-25\" data-elementor-post-type=\"page\">\n\t\t\t\t\t\t<section class=\"elementor-section elementor-top-section elementor-element elementor-element-9cda7c0 elementor-section-boxed elementor-section-height-default elementor-section-height-default\" data-id=\"9cda7c0\" data-element_type=\"section\" data-e-type=\"section\">\n\t\t\t\t\t\t<div class=\"elementor-container elementor-column-gap-default\">\n\t\t\t\t\t<div class=\"elementor-column elementor-col-100 elementor-top-column elementor-element elementor-element-9b80093\" data-id=\"9b80093\" data-element_type=\"column\" data-e-type=\"column\">\n\t\t\t<div class=\"elementor-widget-wrap elementor-element-populated\">\n\t\t\t\t\t\t<div class=\"elementor-element elementor-element-57c14ca elementor-widget elementor-widget-heading\" data-id=\"57c14ca\" data-element_type=\"widget\" data-e-type=\"widget\" data-widget_type=\"heading.default\">\n\t\t\t\t<div class=\"elementor-widget-container\">\n\t\t\t\t\t<h1 class=\"elementor-heading-title elementor-size-default\">V\u00e4lkommen till Bra\u00e5s Ponny &amp; Ridklubbs klubbshop<\/h1>\t\t\t\t<\/div>\n\t\t\t\t<\/div>\n\t\t\t\t<div class=\"elementor-element elementor-element-2ca62d8 elementor-widget elementor-widget-text-editor\" data-id=\"2ca62d8\" data-element_type=\"widget\" data-e-type=\"widget\" data-widget_type=\"text-editor.default\">\n\t\t\t\t<div class=\"elementor-widget-container\">\n\t\t\t\t\t\t\t\t\t<h5><strong>Obs!&nbsp;<\/strong>Bytes- och returr\u00e4tt g\u00e4ller ej p\u00e5 tryckta\/personifierade plagg (t.ex. namn eller initial)<\/h5>\n<h4><strong>Leveranstid: 7-10 arbetsdagar<\/strong><\/h4>\t\t\t\t\t\t\t\t<\/div>\n\t\t\t\t<\/div>\n\t\t\t\t\t<\/div>\n\t\t<\/div>\n\t\t\t\t\t<\/div>\n\t\t<\/section>\n\t\t\t\t<section class=\"elementor-section elementor-top-section elementor-element elementor-element-1ee7e7a elementor-section-boxed elementor-section-height-default elementor-section-height-default\" data-id=\"1ee7e7a\" data-element_type=\"section\" data-e-type=\"section\">\n\t\t\t\t\t\t<div class=\"elementor-container elementor-column-gap-default\">\n\t\t\t\t\t<div class=\"elementor-column elementor-col-100 elementor-top-column elementor-element elementor-element-879def4\" data-id=\"879def4\" data-element_type=\"column\" data-e-type=\"column\">\n\t\t\t<div class=\"elementor-widget-wrap elementor-element-populated\">\n\t\t\t\t\t\t<div class=\"elementor-element elementor-element-7bc8916 elementor-widget elementor-widget-heading\" data-id=\"7bc8916\" data-element_type=\"widget\" data-e-type=\"widget\" data-widget_type=\"heading.default\">\n\t\t\t\t<div class=\"elementor-widget-container\">\n\t\t\t\t\t<h2 class=\"elementor-heading-title elementor-size-default\">Kategorier<\/h2>\t\t\t\t<\/div>\n\t\t\t\t<\/div>\n\t\t\t\t<div class=\"elementor-element elementor-element-770b3c9 uael-woo-category-grid uael-woo-cat-title-pos-default uael-woo-cat-title-style-default uael-woo-cat--align-center elementor-widget elementor-widget-uael-woo-categories\" data-id=\"770b3c9\" data-element_type=\"widget\" data-e-type=\"widget\" data-settings=\"{&quot;column_gap&quot;:{&quot;unit&quot;:&quot;px&quot;,&quot;size&quot;:&quot;100&quot;,&quot;sizes&quot;:[]},&quot;cat_columns&quot;:&quot;4&quot;,&quot;cat_columns_tablet&quot;:&quot;3&quot;,&quot;cat_columns_mobile&quot;:&quot;2&quot;,&quot;column_gap_tablet&quot;:{&quot;unit&quot;:&quot;px&quot;,&quot;size&quot;:&quot;&quot;,&quot;sizes&quot;:[]},&quot;column_gap_mobile&quot;:{&quot;unit&quot;:&quot;px&quot;,&quot;size&quot;:&quot;&quot;,&quot;sizes&quot;:[]},&quot;row_gap&quot;:{&quot;unit&quot;:&quot;px&quot;,&quot;size&quot;:35,&quot;sizes&quot;:[]},&quot;row_gap_tablet&quot;:{&quot;unit&quot;:&quot;px&quot;,&quot;size&quot;:&quot;&quot;,&quot;sizes&quot;:[]},&quot;row_gap_mobile&quot;:{&quot;unit&quot;:&quot;px&quot;,&quot;size&quot;:&quot;&quot;,&quot;sizes&quot;:[]}}\" data-widget_type=\"uael-woo-categories.default\">\n\t\t\t\t<div class=\"elementor-widget-container\">\n\t\t\t\t\t<div class=\"uael-woo-categories uael-woo-categories-grid uael-woocommerce\"><div class=\"uael-woo-categories-inner  uael-woo-cat__column-4 uael-woo-cat__column-tablet-3 uael-woo-cat__column-mobile-2\"><ul class=\"products columns-4\">\n<li class=\"product-category product first\">\n\t<a href=\"https:\/\/shop.profilhornan.se\/bpk\/product-category\/herr\/\"><div class=\"uael-product-cat-inner\"><img fetchpriority=\"high\" decoding=\"async\" src=\"https:\/\/shop.profilhornan.se\/bpk\/wp-content\/uploads\/sites\/7\/2023\/12\/BRA05-300x300.png\" alt=\"Herr\" width=\"300\" height=\"300\" srcset=\"https:\/\/shop.profilhornan.se\/bpk\/wp-content\/uploads\/sites\/7\/2023\/12\/BRA05-300x300.png 300w, https:\/\/shop.profilhornan.se\/bpk\/wp-content\/uploads\/sites\/7\/2023\/12\/BRA05-1024x1024.png 1024w, https:\/\/shop.profilhornan.se\/bpk\/wp-content\/uploads\/sites\/7\/2023\/12\/BRA05-150x150.png 150w, https:\/\/shop.profilhornan.se\/bpk\/wp-content\/uploads\/sites\/7\/2023\/12\/BRA05-768x768.png 768w, https:\/\/shop.profilhornan.se\/bpk\/wp-content\/uploads\/sites\/7\/2023\/12\/BRA05-600x600.png 600w, https:\/\/shop.profilhornan.se\/bpk\/wp-content\/uploads\/sites\/7\/2023\/12\/BRA05-100x100.png 100w, https:\/\/shop.profilhornan.se\/bpk\/wp-content\/uploads\/sites\/7\/2023\/12\/BRA05.png 1064w\" sizes=\"(max-width: 300px) 100vw, 300px\" \/><div class=\"uael-category__title-wrap\"><h2 class=\"woocommerce-loop-category__title\">Herr<\/h2><mark class=\"uael-count\">7 Products<\/mark><\/div><\/div><\/a><\/li>\n<li class=\"product-category product\">\n\t<a href=\"https:\/\/shop.profilhornan.se\/bpk\/product-category\/dam\/\"><div class=\"uael-product-cat-inner\"><img decoding=\"async\" src=\"https:\/\/shop.profilhornan.se\/bpk\/wp-content\/uploads\/sites\/7\/2023\/12\/BRA16-300x300.png\" alt=\"Dam\" width=\"300\" height=\"300\" srcset=\"https:\/\/shop.profilhornan.se\/bpk\/wp-content\/uploads\/sites\/7\/2023\/12\/BRA16-300x300.png 300w, https:\/\/shop.profilhornan.se\/bpk\/wp-content\/uploads\/sites\/7\/2023\/12\/BRA16-1024x1024.png 1024w, https:\/\/shop.profilhornan.se\/bpk\/wp-content\/uploads\/sites\/7\/2023\/12\/BRA16-150x150.png 150w, https:\/\/shop.profilhornan.se\/bpk\/wp-content\/uploads\/sites\/7\/2023\/12\/BRA16-768x768.png 768w, https:\/\/shop.profilhornan.se\/bpk\/wp-content\/uploads\/sites\/7\/2023\/12\/BRA16-600x600.png 600w, https:\/\/shop.profilhornan.se\/bpk\/wp-content\/uploads\/sites\/7\/2023\/12\/BRA16-100x100.png 100w, https:\/\/shop.profilhornan.se\/bpk\/wp-content\/uploads\/sites\/7\/2023\/12\/BRA16.png 1064w\" sizes=\"(max-width: 300px) 100vw, 300px\" \/><div class=\"uael-category__title-wrap\"><h2 class=\"woocommerce-loop-category__title\">Dam<\/h2><mark class=\"uael-count\">7 Products<\/mark><\/div><\/div><\/a><\/li>\n<li class=\"product-category product\">\n\t<a href=\"https:\/\/shop.profilhornan.se\/bpk\/product-category\/junior\/\"><div class=\"uael-product-cat-inner\"><img decoding=\"async\" src=\"https:\/\/shop.profilhornan.se\/bpk\/wp-content\/uploads\/sites\/7\/2023\/12\/BRA08-300x300.png\" alt=\"Junior\" width=\"300\" height=\"300\" srcset=\"https:\/\/shop.profilhornan.se\/bpk\/wp-content\/uploads\/sites\/7\/2023\/12\/BRA08-300x300.png 300w, https:\/\/shop.profilhornan.se\/bpk\/wp-content\/uploads\/sites\/7\/2023\/12\/BRA08-1024x1024.png 1024w, https:\/\/shop.profilhornan.se\/bpk\/wp-content\/uploads\/sites\/7\/2023\/12\/BRA08-150x150.png 150w, https:\/\/shop.profilhornan.se\/bpk\/wp-content\/uploads\/sites\/7\/2023\/12\/BRA08-768x768.png 768w, https:\/\/shop.profilhornan.se\/bpk\/wp-content\/uploads\/sites\/7\/2023\/12\/BRA08-600x600.png 600w, https:\/\/shop.profilhornan.se\/bpk\/wp-content\/uploads\/sites\/7\/2023\/12\/BRA08-100x100.png 100w, https:\/\/shop.profilhornan.se\/bpk\/wp-content\/uploads\/sites\/7\/2023\/12\/BRA08.png 1064w\" sizes=\"(max-width: 300px) 100vw, 300px\" \/><div class=\"uael-category__title-wrap\"><h2 class=\"woocommerce-loop-category__title\">Junior<\/h2><mark class=\"uael-count\">5 Products<\/mark><\/div><\/div><\/a><\/li>\n<li class=\"product-category product last\">\n\t<a href=\"https:\/\/shop.profilhornan.se\/bpk\/product-category\/t-shirts\/\"><div class=\"uael-product-cat-inner\"><img loading=\"lazy\" decoding=\"async\" src=\"https:\/\/shop.profilhornan.se\/bpk\/wp-content\/uploads\/sites\/7\/2023\/12\/BRA04-300x300.png\" alt=\"T-shirts\" width=\"300\" height=\"300\" srcset=\"https:\/\/shop.profilhornan.se\/bpk\/wp-content\/uploads\/sites\/7\/2023\/12\/BRA04-300x300.png 300w, https:\/\/shop.profilhornan.se\/bpk\/wp-content\/uploads\/sites\/7\/2023\/12\/BRA04-1024x1024.png 1024w, https:\/\/shop.profilhornan.se\/bpk\/wp-content\/uploads\/sites\/7\/2023\/12\/BRA04-150x150.png 150w, https:\/\/shop.profilhornan.se\/bpk\/wp-content\/uploads\/sites\/7\/2023\/12\/BRA04-768x768.png 768w, https:\/\/shop.profilhornan.se\/bpk\/wp-content\/uploads\/sites\/7\/2023\/12\/BRA04-600x600.png 600w, https:\/\/shop.profilhornan.se\/bpk\/wp-content\/uploads\/sites\/7\/2023\/12\/BRA04-100x100.png 100w, https:\/\/shop.profilhornan.se\/bpk\/wp-content\/uploads\/sites\/7\/2023\/12\/BRA04.png 1064w\" sizes=\"(max-width: 300px) 100vw, 300px\" \/><div class=\"uael-category__title-wrap\"><h2 class=\"woocommerce-loop-category__title\">T-shirts<\/h2><mark class=\"uael-count\">2 Products<\/mark><\/div><\/div><\/a><\/li>\n<li class=\"product-category product first\">\n\t<a href=\"https:\/\/shop.profilhornan.se\/bpk\/product-category\/pikeer\/\"><div class=\"uael-product-cat-inner\"><img loading=\"lazy\" decoding=\"async\" src=\"https:\/\/shop.profilhornan.se\/bpk\/wp-content\/uploads\/sites\/7\/2023\/12\/BRA02-300x300.png\" alt=\"Pik\u00e9er\" width=\"300\" height=\"300\" srcset=\"https:\/\/shop.profilhornan.se\/bpk\/wp-content\/uploads\/sites\/7\/2023\/12\/BRA02-300x300.png 300w, https:\/\/shop.profilhornan.se\/bpk\/wp-content\/uploads\/sites\/7\/2023\/12\/BRA02-1024x1024.png 1024w, https:\/\/shop.profilhornan.se\/bpk\/wp-content\/uploads\/sites\/7\/2023\/12\/BRA02-150x150.png 150w, https:\/\/shop.profilhornan.se\/bpk\/wp-content\/uploads\/sites\/7\/2023\/12\/BRA02-768x768.png 768w, https:\/\/shop.profilhornan.se\/bpk\/wp-content\/uploads\/sites\/7\/2023\/12\/BRA02-600x600.png 600w, https:\/\/shop.profilhornan.se\/bpk\/wp-content\/uploads\/sites\/7\/2023\/12\/BRA02-100x100.png 100w, https:\/\/shop.profilhornan.se\/bpk\/wp-content\/uploads\/sites\/7\/2023\/12\/BRA02.png 1064w\" sizes=\"(max-width: 300px) 100vw, 300px\" \/><div class=\"uael-category__title-wrap\"><h2 class=\"woocommerce-loop-category__title\">Pik\u00e9er<\/h2><mark class=\"uael-count\">2 Products<\/mark><\/div><\/div><\/a><\/li>\n<li class=\"product-category product\">\n\t<a href=\"https:\/\/shop.profilhornan.se\/bpk\/product-category\/mossor\/\"><div class=\"uael-product-cat-inner\"><img loading=\"lazy\" decoding=\"async\" src=\"https:\/\/shop.profilhornan.se\/bpk\/wp-content\/uploads\/sites\/7\/2021\/05\/Braa\u030as19-300x300.png\" alt=\"M\u00f6ssor\" width=\"300\" height=\"300\" srcset=\"https:\/\/shop.profilhornan.se\/bpk\/wp-content\/uploads\/sites\/7\/2021\/05\/Braa\u030as19-300x300.png 300w, https:\/\/shop.profilhornan.se\/bpk\/wp-content\/uploads\/sites\/7\/2021\/05\/Braa\u030as19-1024x1024.png 1024w, https:\/\/shop.profilhornan.se\/bpk\/wp-content\/uploads\/sites\/7\/2021\/05\/Braa\u030as19-150x150.png 150w, https:\/\/shop.profilhornan.se\/bpk\/wp-content\/uploads\/sites\/7\/2021\/05\/Braa\u030as19-768x769.png 768w, https:\/\/shop.profilhornan.se\/bpk\/wp-content\/uploads\/sites\/7\/2021\/05\/Braa\u030as19-600x601.png 600w, https:\/\/shop.profilhornan.se\/bpk\/wp-content\/uploads\/sites\/7\/2021\/05\/Braa\u030as19-100x100.png 100w, https:\/\/shop.profilhornan.se\/bpk\/wp-content\/uploads\/sites\/7\/2021\/05\/Braa\u030as19.png 1524w\" sizes=\"(max-width: 300px) 100vw, 300px\" \/><div class=\"uael-category__title-wrap\"><h2 class=\"woocommerce-loop-category__title\">M\u00f6ssor<\/h2><mark class=\"uael-count\">2 Products<\/mark><\/div><\/div><\/a><\/li>\n<li class=\"product-category product\">\n\t<a href=\"https:\/\/shop.profilhornan.se\/bpk\/product-category\/jackor\/\"><div class=\"uael-product-cat-inner\"><img loading=\"lazy\" decoding=\"async\" src=\"https:\/\/shop.profilhornan.se\/bpk\/wp-content\/uploads\/sites\/7\/2023\/12\/BRA12-300x300.png\" alt=\"Jackor\" width=\"300\" height=\"300\" srcset=\"https:\/\/shop.profilhornan.se\/bpk\/wp-content\/uploads\/sites\/7\/2023\/12\/BRA12-300x300.png 300w, https:\/\/shop.profilhornan.se\/bpk\/wp-content\/uploads\/sites\/7\/2023\/12\/BRA12-1024x1024.png 1024w, https:\/\/shop.profilhornan.se\/bpk\/wp-content\/uploads\/sites\/7\/2023\/12\/BRA12-150x150.png 150w, https:\/\/shop.profilhornan.se\/bpk\/wp-content\/uploads\/sites\/7\/2023\/12\/BRA12-768x768.png 768w, https:\/\/shop.profilhornan.se\/bpk\/wp-content\/uploads\/sites\/7\/2023\/12\/BRA12-600x600.png 600w, https:\/\/shop.profilhornan.se\/bpk\/wp-content\/uploads\/sites\/7\/2023\/12\/BRA12-100x100.png 100w, https:\/\/shop.profilhornan.se\/bpk\/wp-content\/uploads\/sites\/7\/2023\/12\/BRA12.png 1064w\" sizes=\"(max-width: 300px) 100vw, 300px\" \/><div class=\"uael-category__title-wrap\"><h2 class=\"woocommerce-loop-category__title\">Jackor<\/h2><mark class=\"uael-count\">8 Products<\/mark><\/div><\/div><\/a><\/li>\n<\/ul>\n<\/div><\/div>\t\t\t\t<\/div>\n\t\t\t\t<\/div>\n\t\t\t\t<div class=\"elementor-element elementor-element-7c68624 elementor-align-center elementor-widget elementor-widget-button\" data-id=\"7c68624\" data-element_type=\"widget\" data-e-type=\"widget\" data-widget_type=\"button.default\">\n\t\t\t\t<div class=\"elementor-widget-container\">\n\t\t\t\t\t\t\t\t\t<div class=\"elementor-button-wrapper\">\n\t\t\t\t\t<a class=\"elementor-button elementor-button-link elementor-size-xl\" href=\"\/bpk\/shop\/\">\n\t\t\t\t\t\t<span class=\"elementor-button-content-wrapper\">\n\t\t\t\t\t\t\t\t\t<span class=\"elementor-button-text\">Till produkter<\/span>\n\t\t\t\t\t<\/span>\n\t\t\t\t\t<\/a>\n\t\t\t\t<\/div>\n\t\t\t\t\t\t\t\t<\/div>\n\t\t\t\t<\/div>\n\t\t\t\t\t<\/div>\n\t\t<\/div>\n\t\t\t\t\t<\/div>\n\t\t<\/section>\n\t\t\t\t<\/div>\n\t\t","protected":false},"excerpt":{"rendered":"<p>V\u00e4lkommen till Bra\u00e5s Ponny &amp; Ridklubbs klubbshop Obs!&nbsp;Bytes- och returr\u00e4tt g\u00e4ller ej p\u00e5 tryckta\/personifierade plagg (t.ex. namn eller initial) Leveranstid: 7-10 arbetsdagar Kategorier Herr 7 Products Dam 7 Products Junior 5 Products T-shirts 2 Products Pik\u00e9er 2 Products M\u00f6ssor 2 Products Jackor 8 Products Till produkter<\/p>\n","protected":false},"author":1,"featured_media":0,"parent":0,"menu_order":0,"comment_status":"closed","ping_status":"closed","template":"","meta":{"site-sidebar-layout":"no-sidebar","site-content-layout":"page-builder","ast-site-content-layout":"default","site-content-style":"default","site-sidebar-style":"default","ast-global-header-display":"","ast-banner-title-visibility":"","ast-main-header-display":"disabled","ast-hfb-above-header-display":"","ast-hfb-below-header-display":"","ast-hfb-mobile-header-display":"","site-post-title":"disabled","ast-breadcrumbs-content":"","ast-featured-img":"disabled","footer-sml-layout":"","ast-disable-related-posts":"","theme-transparent-header-meta":"default","adv-header-id-meta":"","stick-header-meta":"","header-above-stick-meta":"","header-main-stick-meta":"","header-below-stick-meta":"","astra-migrate-meta-layouts":"default","ast-page-background-enabled":"default","ast-page-background-meta":{"desktop":{"background-color":"","background-image":"","background-repeat":"repeat","background-position":"center center","background-size":"auto","background-attachment":"scroll","background-type":"","background-media":"","overlay-type":"","overlay-color":"","overlay-opacity":"","overlay-gradient":""},"tablet":{"background-color":"","background-image":"","background-repeat":"repeat","background-position":"center center","background-size":"auto","background-attachment":"scroll","background-type":"","background-media":"","overlay-type":"","overlay-color":"","overlay-opacity":"","overlay-gradient":""},"mobile":{"background-color":"","background-image":"","background-repeat":"repeat","background-position":"center center","background-size":"auto","background-attachment":"scroll","background-type":"","background-media":"","overlay-type":"","overlay-color":"","overlay-opacity":"","overlay-gradient":""}},"ast-content-background-meta":{"desktop":{"background-color":"var(--ast-global-color-5)","background-image":"","background-repeat":"repeat","background-position":"center center","background-size":"auto","background-attachment":"scroll","background-type":"","background-media":"","overlay-type":"","overlay-color":"","overlay-opacity":"","overlay-gradient":""},"tablet":{"background-color":"var(--ast-global-color-5)","background-image":"","background-repeat":"repeat","background-position":"center center","background-size":"auto","background-attachment":"scroll","background-type":"","background-media":"","overlay-type":"","overlay-color":"","overlay-opacity":"","overlay-gradient":""},"mobile":{"background-color":"var(--ast-global-color-5)","background-image":"","background-repeat":"repeat","background-position":"center center","background-size":"auto","background-attachment":"scroll","background-type":"","background-media":"","overlay-type":"","overlay-color":"","overlay-opacity":"","overlay-gradient":""}},"footnotes":""},"class_list":["post-25","page","type-page","status-publish","hentry"],"_links":{"self":[{"href":"https:\/\/shop.profilhornan.se\/bpk\/wp-json\/wp\/v2\/pages\/25","targetHints":{"allow":["GET"]}}],"collection":[{"href":"https:\/\/shop.profilhornan.se\/bpk\/wp-json\/wp\/v2\/pages"}],"about":[{"href":"https:\/\/shop.profilhornan.se\/bpk\/wp-json\/wp\/v2\/types\/page"}],"author":[{"embeddable":true,"href":"https:\/\/shop.profilhornan.se\/bpk\/wp-json\/wp\/v2\/users\/1"}],"replies":[{"embeddable":true,"href":"https:\/\/shop.profilhornan.se\/bpk\/wp-json\/wp\/v2\/comments?post=25"}],"version-history":[{"count":250,"href":"https:\/\/shop.profilhornan.se\/bpk\/wp-json\/wp\/v2\/pages\/25\/revisions"}],"predecessor-version":[{"id":4626,"href":"https:\/\/shop.profilhornan.se\/bpk\/wp-json\/wp\/v2\/pages\/25\/revisions\/4626"}],"wp:attachment":[{"href":"https:\/\/shop.profilhornan.se\/bpk\/wp-json\/wp\/v2\/media?parent=25"}],"curies":[{"name":"wp","href":"https:\/\/api.w.org\/{rel}","templated":true}]}}