{"id":25,"date":"2020-11-16T08:01:56","date_gmt":"2020-11-16T08:01:56","guid":{"rendered":"http:\/\/dev.profilhornan.se\/almhults-if\/?page_id=25"},"modified":"2026-03-11T10:27:05","modified_gmt":"2026-03-11T09:27:05","slug":"valkommen","status":"publish","type":"page","link":"https:\/\/shop.profilhornan.se\/almhults-if\/","title":{"rendered":"V\u00e4lkommen"},"content":{"rendered":"\t\t<div data-elementor-type=\"wp-page\" data-elementor-id=\"25\" class=\"elementor elementor-25\" data-elementor-post-type=\"page\">\n\t\t\t\t\t\t<section class=\"elementor-section elementor-top-section elementor-element elementor-element-9cda7c0 elementor-section-boxed elementor-section-height-default elementor-section-height-default\" data-id=\"9cda7c0\" data-element_type=\"section\" data-e-type=\"section\">\n\t\t\t\t\t\t<div class=\"elementor-container elementor-column-gap-default\">\n\t\t\t\t\t<div class=\"elementor-column elementor-col-100 elementor-top-column elementor-element elementor-element-9b80093\" data-id=\"9b80093\" data-element_type=\"column\" data-e-type=\"column\">\n\t\t\t<div class=\"elementor-widget-wrap elementor-element-populated\">\n\t\t\t\t\t\t<div class=\"elementor-element elementor-element-57c14ca elementor-widget elementor-widget-heading\" data-id=\"57c14ca\" data-element_type=\"widget\" data-e-type=\"widget\" data-widget_type=\"heading.default\">\n\t\t\t\t<div class=\"elementor-widget-container\">\n\t\t\t\t\t<h1 class=\"elementor-heading-title elementor-size-default\">V\u00e4lkommen till \u00c4lmhult IFs klubbshop<\/h1>\t\t\t\t<\/div>\n\t\t\t\t<\/div>\n\t\t\t\t<div class=\"elementor-element elementor-element-aa6d3ce elementor-widget elementor-widget-text-editor\" data-id=\"aa6d3ce\" data-element_type=\"widget\" data-e-type=\"widget\" data-widget_type=\"text-editor.default\">\n\t\t\t\t<div class=\"elementor-widget-container\">\n\t\t\t\t\t\t\t\t\t<p><span style=\"color: #000000; font-family: Montserrat, sans-serif; font-size: 14px; font-style: normal; font-weight: 300; text-align: center; background-color: rgba(255, 255, 255, 0.7);\">I samarbete med Puma och Profilh\u00f6rnan erbjuder vi snygga kl\u00e4der och praktisk utrustning. Sortimentet kan \u00e4ven provas och best\u00e4llas i Profilh\u00f6rnans butik i \u00c4lmhult.&nbsp;<\/span><\/p>\n<p><span style=\"font-size: 15px; font-style: normal; font-weight: bold; color: #636363;\">Klubb-faktura:<\/span><span style=\"color: #636363; font-size: 15px; font-style: normal; font-weight: 400;\">&nbsp;Logga in med vald anv\u00e4ndare.&nbsp;<\/span><span style=\"font-size: 15px; font-style: normal; font-weight: 400; color: #636363;\">L\u00e4gg \u00f6nskade produkter som vanligt i varukorgen, g\u00e5 sedan till kassan och slutf\u00f6r k\u00f6p genom&nbsp;<\/span><em style=\"font-size: 15px; font-weight: 400; color: #636363;\">Faktura Klubb.<\/em><span style=\"font-size: 15px; font-style: normal; font-weight: 400; color: #636363;\">&nbsp;Se till att ha korrekta faktureringsuppgifter f\u00f6r klubben ifyllda vid check-out.<\/span><\/p>\n<h5><strong>Obs! <\/strong>Bytes- och returr\u00e4tt g\u00e4ller ej p\u00e5 tryckta\/personifierade plagg (t.ex. namn eller initial)<\/h5>\n<h4><b>Leveranstid: 10-12 arbetsdagar.<\/b><\/h4>\t\t\t\t\t\t\t\t<\/div>\n\t\t\t\t<\/div>\n\t\t\t\t\t<\/div>\n\t\t<\/div>\n\t\t\t\t\t<\/div>\n\t\t<\/section>\n\t\t\t\t<section class=\"elementor-section elementor-top-section elementor-element elementor-element-1ee7e7a elementor-section-boxed elementor-section-height-default elementor-section-height-default\" data-id=\"1ee7e7a\" data-element_type=\"section\" data-e-type=\"section\">\n\t\t\t\t\t\t<div class=\"elementor-container elementor-column-gap-default\">\n\t\t\t\t\t<div class=\"elementor-column elementor-col-100 elementor-top-column elementor-element elementor-element-879def4\" data-id=\"879def4\" data-element_type=\"column\" data-e-type=\"column\">\n\t\t\t<div class=\"elementor-widget-wrap elementor-element-populated\">\n\t\t\t\t\t\t<div class=\"elementor-element elementor-element-7bc8916 elementor-widget elementor-widget-heading\" data-id=\"7bc8916\" data-element_type=\"widget\" data-e-type=\"widget\" data-widget_type=\"heading.default\">\n\t\t\t\t<div class=\"elementor-widget-container\">\n\t\t\t\t\t<h2 class=\"elementor-heading-title elementor-size-default\">Kategorier<\/h2>\t\t\t\t<\/div>\n\t\t\t\t<\/div>\n\t\t\t\t<div class=\"elementor-element elementor-element-770b3c9 uael-woo-category-grid uael-woo-cat-title-pos-default uael-woo-cat-title-style-default uael-woo-cat--align-center elementor-widget elementor-widget-uael-woo-categories\" data-id=\"770b3c9\" data-element_type=\"widget\" data-e-type=\"widget\" data-settings=\"{&quot;column_gap&quot;:{&quot;unit&quot;:&quot;px&quot;,&quot;size&quot;:&quot;100&quot;,&quot;sizes&quot;:[]},&quot;cat_columns&quot;:&quot;3&quot;,&quot;cat_columns_tablet&quot;:&quot;3&quot;,&quot;cat_columns_mobile&quot;:&quot;2&quot;,&quot;column_gap_tablet&quot;:{&quot;unit&quot;:&quot;px&quot;,&quot;size&quot;:&quot;&quot;,&quot;sizes&quot;:[]},&quot;column_gap_mobile&quot;:{&quot;unit&quot;:&quot;px&quot;,&quot;size&quot;:&quot;&quot;,&quot;sizes&quot;:[]},&quot;row_gap&quot;:{&quot;unit&quot;:&quot;px&quot;,&quot;size&quot;:35,&quot;sizes&quot;:[]},&quot;row_gap_tablet&quot;:{&quot;unit&quot;:&quot;px&quot;,&quot;size&quot;:&quot;&quot;,&quot;sizes&quot;:[]},&quot;row_gap_mobile&quot;:{&quot;unit&quot;:&quot;px&quot;,&quot;size&quot;:&quot;&quot;,&quot;sizes&quot;:[]}}\" data-widget_type=\"uael-woo-categories.default\">\n\t\t\t\t<div class=\"elementor-widget-container\">\n\t\t\t\t\t<div class=\"uael-woo-categories uael-woo-categories-grid uael-woocommerce\"><div class=\"uael-woo-categories-inner  uael-woo-cat__column-3 uael-woo-cat__column-tablet-3 uael-woo-cat__column-mobile-2\"><ul class=\"products columns-3\">\n<li class=\"product-category product first\">\n\t<a href=\"https:\/\/shop.profilhornan.se\/almhults-if\/product-category\/senior\/\"><div class=\"uael-product-cat-inner\"><img fetchpriority=\"high\" decoding=\"async\" src=\"https:\/\/shop.profilhornan.se\/almhults-if\/wp-content\/uploads\/sites\/17\/2026\/01\/AIF01-300x300.png\" alt=\"Senior\" width=\"300\" height=\"300\" srcset=\"https:\/\/shop.profilhornan.se\/almhults-if\/wp-content\/uploads\/sites\/17\/2026\/01\/AIF01-300x300.png 300w, https:\/\/shop.profilhornan.se\/almhults-if\/wp-content\/uploads\/sites\/17\/2026\/01\/AIF01-1024x1024.png 1024w, https:\/\/shop.profilhornan.se\/almhults-if\/wp-content\/uploads\/sites\/17\/2026\/01\/AIF01-150x150.png 150w, https:\/\/shop.profilhornan.se\/almhults-if\/wp-content\/uploads\/sites\/17\/2026\/01\/AIF01-768x768.png 768w, https:\/\/shop.profilhornan.se\/almhults-if\/wp-content\/uploads\/sites\/17\/2026\/01\/AIF01-600x600.png 600w, https:\/\/shop.profilhornan.se\/almhults-if\/wp-content\/uploads\/sites\/17\/2026\/01\/AIF01-100x100.png 100w, https:\/\/shop.profilhornan.se\/almhults-if\/wp-content\/uploads\/sites\/17\/2026\/01\/AIF01.png 1064w\" sizes=\"(max-width: 300px) 100vw, 300px\" \/><div class=\"uael-category__title-wrap\"><h2 class=\"woocommerce-loop-category__title\">Senior<\/h2><mark class=\"uael-count\">8 Products<\/mark><\/div><\/div><\/a><\/li>\n<li class=\"product-category product\">\n\t<a href=\"https:\/\/shop.profilhornan.se\/almhults-if\/product-category\/junior\/\"><div class=\"uael-product-cat-inner\"><img decoding=\"async\" src=\"https:\/\/shop.profilhornan.se\/almhults-if\/wp-content\/uploads\/sites\/17\/2022\/11\/AIF08-1-300x300.png\" alt=\"Junior\" width=\"300\" height=\"300\" srcset=\"https:\/\/shop.profilhornan.se\/almhults-if\/wp-content\/uploads\/sites\/17\/2022\/11\/AIF08-1-300x300.png 300w, https:\/\/shop.profilhornan.se\/almhults-if\/wp-content\/uploads\/sites\/17\/2022\/11\/AIF08-1-1024x1024.png 1024w, https:\/\/shop.profilhornan.se\/almhults-if\/wp-content\/uploads\/sites\/17\/2022\/11\/AIF08-1-150x150.png 150w, https:\/\/shop.profilhornan.se\/almhults-if\/wp-content\/uploads\/sites\/17\/2022\/11\/AIF08-1-768x768.png 768w, https:\/\/shop.profilhornan.se\/almhults-if\/wp-content\/uploads\/sites\/17\/2022\/11\/AIF08-1-600x600.png 600w, https:\/\/shop.profilhornan.se\/almhults-if\/wp-content\/uploads\/sites\/17\/2022\/11\/AIF08-1-100x100.png 100w, https:\/\/shop.profilhornan.se\/almhults-if\/wp-content\/uploads\/sites\/17\/2022\/11\/AIF08-1.png 1064w\" sizes=\"(max-width: 300px) 100vw, 300px\" \/><div class=\"uael-category__title-wrap\"><h2 class=\"woocommerce-loop-category__title\">Junior<\/h2><mark class=\"uael-count\">8 Products<\/mark><\/div><\/div><\/a><\/li>\n<li class=\"product-category product last\">\n\t<a href=\"https:\/\/shop.profilhornan.se\/almhults-if\/product-category\/supporter\/\"><div class=\"uael-product-cat-inner\"><img decoding=\"async\" src=\"https:\/\/shop.profilhornan.se\/almhults-if\/wp-content\/uploads\/sites\/17\/2022\/11\/AIF25_26-300x300.png\" alt=\"Supporter\" width=\"300\" height=\"300\" srcset=\"https:\/\/shop.profilhornan.se\/almhults-if\/wp-content\/uploads\/sites\/17\/2022\/11\/AIF25_26-300x300.png 300w, https:\/\/shop.profilhornan.se\/almhults-if\/wp-content\/uploads\/sites\/17\/2022\/11\/AIF25_26-1024x1024.png 1024w, https:\/\/shop.profilhornan.se\/almhults-if\/wp-content\/uploads\/sites\/17\/2022\/11\/AIF25_26-150x150.png 150w, https:\/\/shop.profilhornan.se\/almhults-if\/wp-content\/uploads\/sites\/17\/2022\/11\/AIF25_26-768x768.png 768w, https:\/\/shop.profilhornan.se\/almhults-if\/wp-content\/uploads\/sites\/17\/2022\/11\/AIF25_26-600x600.png 600w, https:\/\/shop.profilhornan.se\/almhults-if\/wp-content\/uploads\/sites\/17\/2022\/11\/AIF25_26-100x100.png 100w, https:\/\/shop.profilhornan.se\/almhults-if\/wp-content\/uploads\/sites\/17\/2022\/11\/AIF25_26.png 1064w\" sizes=\"(max-width: 300px) 100vw, 300px\" \/><div class=\"uael-category__title-wrap\"><h2 class=\"woocommerce-loop-category__title\">Supporter<\/h2><mark class=\"uael-count\">13 Products<\/mark><\/div><\/div><\/a><\/li>\n<li class=\"product-category product first\">\n\t<a href=\"https:\/\/shop.profilhornan.se\/almhults-if\/product-category\/vaskor\/\"><div class=\"uael-product-cat-inner\"><img loading=\"lazy\" decoding=\"async\" src=\"https:\/\/shop.profilhornan.se\/almhults-if\/wp-content\/uploads\/sites\/17\/2022\/11\/AIF19-2-300x300.png\" alt=\"V\u00e4skor\" width=\"300\" height=\"300\" srcset=\"https:\/\/shop.profilhornan.se\/almhults-if\/wp-content\/uploads\/sites\/17\/2022\/11\/AIF19-2-300x300.png 300w, https:\/\/shop.profilhornan.se\/almhults-if\/wp-content\/uploads\/sites\/17\/2022\/11\/AIF19-2-1024x1024.png 1024w, https:\/\/shop.profilhornan.se\/almhults-if\/wp-content\/uploads\/sites\/17\/2022\/11\/AIF19-2-150x150.png 150w, https:\/\/shop.profilhornan.se\/almhults-if\/wp-content\/uploads\/sites\/17\/2022\/11\/AIF19-2-768x768.png 768w, https:\/\/shop.profilhornan.se\/almhults-if\/wp-content\/uploads\/sites\/17\/2022\/11\/AIF19-2-600x600.png 600w, https:\/\/shop.profilhornan.se\/almhults-if\/wp-content\/uploads\/sites\/17\/2022\/11\/AIF19-2-100x100.png 100w, https:\/\/shop.profilhornan.se\/almhults-if\/wp-content\/uploads\/sites\/17\/2022\/11\/AIF19-2.png 1064w\" sizes=\"(max-width: 300px) 100vw, 300px\" \/><div class=\"uael-category__title-wrap\"><h2 class=\"woocommerce-loop-category__title\">V\u00e4skor<\/h2><mark class=\"uael-count\">4 Products<\/mark><\/div><\/div><\/a><\/li>\n<li class=\"product-category product\">\n\t<a href=\"https:\/\/shop.profilhornan.se\/almhults-if\/product-category\/ovrigt\/\"><div class=\"uael-product-cat-inner\"><img loading=\"lazy\" decoding=\"async\" src=\"https:\/\/shop.profilhornan.se\/almhults-if\/wp-content\/uploads\/sites\/17\/2023\/08\/AIF35-300x300.png\" alt=\"\u00d6vrigt\" width=\"300\" height=\"300\" srcset=\"https:\/\/shop.profilhornan.se\/almhults-if\/wp-content\/uploads\/sites\/17\/2023\/08\/AIF35-300x300.png 300w, https:\/\/shop.profilhornan.se\/almhults-if\/wp-content\/uploads\/sites\/17\/2023\/08\/AIF35-1024x1024.png 1024w, https:\/\/shop.profilhornan.se\/almhults-if\/wp-content\/uploads\/sites\/17\/2023\/08\/AIF35-150x150.png 150w, https:\/\/shop.profilhornan.se\/almhults-if\/wp-content\/uploads\/sites\/17\/2023\/08\/AIF35-768x768.png 768w, https:\/\/shop.profilhornan.se\/almhults-if\/wp-content\/uploads\/sites\/17\/2023\/08\/AIF35-600x600.png 600w, https:\/\/shop.profilhornan.se\/almhults-if\/wp-content\/uploads\/sites\/17\/2023\/08\/AIF35-100x100.png 100w, https:\/\/shop.profilhornan.se\/almhults-if\/wp-content\/uploads\/sites\/17\/2023\/08\/AIF35.png 1064w\" sizes=\"(max-width: 300px) 100vw, 300px\" \/><div class=\"uael-category__title-wrap\"><h2 class=\"woocommerce-loop-category__title\">\u00d6vrigt<\/h2><mark class=\"uael-count\">9 Products<\/mark><\/div><\/div><\/a><\/li>\n<\/ul>\n<\/div><\/div>\t\t\t\t<\/div>\n\t\t\t\t<\/div>\n\t\t\t\t<div class=\"elementor-element elementor-element-7c68624 elementor-align-center elementor-widget elementor-widget-button\" data-id=\"7c68624\" data-element_type=\"widget\" data-e-type=\"widget\" data-widget_type=\"button.default\">\n\t\t\t\t<div class=\"elementor-widget-container\">\n\t\t\t\t\t\t\t\t\t<div class=\"elementor-button-wrapper\">\n\t\t\t\t\t<a class=\"elementor-button elementor-button-link elementor-size-xl\" href=\"\/almhults-if\/shop\/\">\n\t\t\t\t\t\t<span class=\"elementor-button-content-wrapper\">\n\t\t\t\t\t\t\t\t\t<span class=\"elementor-button-text\">Till produkter<\/span>\n\t\t\t\t\t<\/span>\n\t\t\t\t\t<\/a>\n\t\t\t\t<\/div>\n\t\t\t\t\t\t\t\t<\/div>\n\t\t\t\t<\/div>\n\t\t\t\t\t<\/div>\n\t\t<\/div>\n\t\t\t\t\t<\/div>\n\t\t<\/section>\n\t\t\t\t<\/div>\n\t\t","protected":false},"excerpt":{"rendered":"<p>V\u00e4lkommen till \u00c4lmhult IFs klubbshop I samarbete med Puma och Profilh\u00f6rnan erbjuder vi snygga kl\u00e4der och praktisk utrustning. Sortimentet kan \u00e4ven provas och best\u00e4llas i Profilh\u00f6rnans butik i \u00c4lmhult.&nbsp; Klubb-faktura:&nbsp;Logga in med vald anv\u00e4ndare.&nbsp;L\u00e4gg \u00f6nskade produkter som vanligt i varukorgen, g\u00e5 sedan till kassan och slutf\u00f6r k\u00f6p genom&nbsp;Faktura Klubb.&nbsp;Se till att ha korrekta faktureringsuppgifter f\u00f6r [&hellip;]<\/p>\n","protected":false},"author":1,"featured_media":0,"parent":0,"menu_order":0,"comment_status":"closed","ping_status":"closed","template":"","meta":{"site-sidebar-layout":"no-sidebar","site-content-layout":"page-builder","ast-site-content-layout":"default","site-content-style":"default","site-sidebar-style":"default","ast-global-header-display":"","ast-banner-title-visibility":"","ast-main-header-display":"disabled","ast-hfb-above-header-display":"","ast-hfb-below-header-display":"","ast-hfb-mobile-header-display":"","site-post-title":"disabled","ast-breadcrumbs-content":"","ast-featured-img":"disabled","footer-sml-layout":"","ast-disable-related-posts":"","theme-transparent-header-meta":"default","adv-header-id-meta":"","stick-header-meta":"","header-above-stick-meta":"","header-main-stick-meta":"","header-below-stick-meta":"","astra-migrate-meta-layouts":"default","ast-page-background-enabled":"default","ast-page-background-meta":{"desktop":{"background-color":"","background-image":"","background-repeat":"repeat","background-position":"center center","background-size":"auto","background-attachment":"scroll","background-type":"","background-media":"","overlay-type":"","overlay-color":"","overlay-opacity":"","overlay-gradient":""},"tablet":{"background-color":"","background-image":"","background-repeat":"repeat","background-position":"center center","background-size":"auto","background-attachment":"scroll","background-type":"","background-media":"","overlay-type":"","overlay-color":"","overlay-opacity":"","overlay-gradient":""},"mobile":{"background-color":"","background-image":"","background-repeat":"repeat","background-position":"center center","background-size":"auto","background-attachment":"scroll","background-type":"","background-media":"","overlay-type":"","overlay-color":"","overlay-opacity":"","overlay-gradient":""}},"ast-content-background-meta":{"desktop":{"background-color":"var(--ast-global-color-5)","background-image":"","background-repeat":"repeat","background-position":"center center","background-size":"auto","background-attachment":"scroll","background-type":"","background-media":"","overlay-type":"","overlay-color":"","overlay-opacity":"","overlay-gradient":""},"tablet":{"background-color":"var(--ast-global-color-5)","background-image":"","background-repeat":"repeat","background-position":"center center","background-size":"auto","background-attachment":"scroll","background-type":"","background-media":"","overlay-type":"","overlay-color":"","overlay-opacity":"","overlay-gradient":""},"mobile":{"background-color":"var(--ast-global-color-5)","background-image":"","background-repeat":"repeat","background-position":"center center","background-size":"auto","background-attachment":"scroll","background-type":"","background-media":"","overlay-type":"","overlay-color":"","overlay-opacity":"","overlay-gradient":""}},"footnotes":""},"class_list":["post-25","page","type-page","status-publish","hentry"],"_links":{"self":[{"href":"https:\/\/shop.profilhornan.se\/almhults-if\/wp-json\/wp\/v2\/pages\/25","targetHints":{"allow":["GET"]}}],"collection":[{"href":"https:\/\/shop.profilhornan.se\/almhults-if\/wp-json\/wp\/v2\/pages"}],"about":[{"href":"https:\/\/shop.profilhornan.se\/almhults-if\/wp-json\/wp\/v2\/types\/page"}],"author":[{"embeddable":true,"href":"https:\/\/shop.profilhornan.se\/almhults-if\/wp-json\/wp\/v2\/users\/1"}],"replies":[{"embeddable":true,"href":"https:\/\/shop.profilhornan.se\/almhults-if\/wp-json\/wp\/v2\/comments?post=25"}],"version-history":[{"count":307,"href":"https:\/\/shop.profilhornan.se\/almhults-if\/wp-json\/wp\/v2\/pages\/25\/revisions"}],"predecessor-version":[{"id":5984,"href":"https:\/\/shop.profilhornan.se\/almhults-if\/wp-json\/wp\/v2\/pages\/25\/revisions\/5984"}],"wp:attachment":[{"href":"https:\/\/shop.profilhornan.se\/almhults-if\/wp-json\/wp\/v2\/media?parent=25"}],"curies":[{"name":"wp","href":"https:\/\/api.w.org\/{rel}","templated":true}]}}